{"id":921,"date":"2024-02-02T18:21:13","date_gmt":"2024-02-02T17:21:13","guid":{"rendered":"https:\/\/fundarquesam.org\/?post_type=product&#038;p=921"},"modified":"2025-04-13T20:23:33","modified_gmt":"2025-04-13T18:23:33","slug":"paquete-primera-infancia","status":"publish","type":"product","link":"https:\/\/fundarquesam.org\/index.php\/producto\/paquete-primera-infancia\/","title":{"rendered":"Paquete Primera Infancia Escolarizado"},"content":{"rendered":"<p>De acuerdo a lo expresado en el\u00a0MANUAL OPERATIVO MODALIDAD FAMILIAR PARA LA ATENCI\u00d3N A LA PRIMERA INFANCIA v5 del ICBF, el Componente de Salud y Nutrici\u00f3n es determinante en el proceso de atenci\u00f3n en los primeros a\u00f1os de vida, seg\u00fan la ley 2167 de 2021, los estudiantes deben tener garant\u00eda de alimentos el 100% del calendario escolar en condiciones de calidad y equidad.\u00a0 Del mismo modo, el Estado colombiano ha avanzado en la mirada de la garant\u00eda de la alimentaci\u00f3n a los diversos grupos poblacionales, especialmente poblaci\u00f3n vulnerables e instituciones de servicios, fortalecen la vida, la integridad, la salud y el buen desempe\u00f1o de las funciones en los distintos casos.<\/p>\n","protected":false},"excerpt":{"rendered":"<p>Paquete Primera Infancia escolarizado<\/p>\n","protected":false},"featured_media":922,"comment_status":"open","ping_status":"closed","template":"","meta":{"give_campaign_id":0,"_joinchat":[]},"product_brand":[],"product_cat":[21],"product_tag":[22,23],"class_list":{"0":"post-921","1":"product","2":"type-product","3":"status-publish","4":"has-post-thumbnail","6":"product_cat-sin-categorizar","7":"product_tag-paquete","8":"product_tag-primera-infancia","10":"first","11":"instock","12":"shipping-taxable","13":"purchasable","14":"product-type-simple"},"_links":{"self":[{"href":"https:\/\/fundarquesam.org\/index.php\/wp-json\/wp\/v2\/product\/921","targetHints":{"allow":["GET"]}}],"collection":[{"href":"https:\/\/fundarquesam.org\/index.php\/wp-json\/wp\/v2\/product"}],"about":[{"href":"https:\/\/fundarquesam.org\/index.php\/wp-json\/wp\/v2\/types\/product"}],"replies":[{"embeddable":true,"href":"https:\/\/fundarquesam.org\/index.php\/wp-json\/wp\/v2\/comments?post=921"}],"wp:featuredmedia":[{"embeddable":true,"href":"https:\/\/fundarquesam.org\/index.php\/wp-json\/wp\/v2\/media\/922"}],"wp:attachment":[{"href":"https:\/\/fundarquesam.org\/index.php\/wp-json\/wp\/v2\/media?parent=921"}],"wp:term":[{"taxonomy":"product_brand","embeddable":true,"href":"https:\/\/fundarquesam.org\/index.php\/wp-json\/wp\/v2\/product_brand?post=921"},{"taxonomy":"product_cat","embeddable":true,"href":"https:\/\/fundarquesam.org\/index.php\/wp-json\/wp\/v2\/product_cat?post=921"},{"taxonomy":"product_tag","embeddable":true,"href":"https:\/\/fundarquesam.org\/index.php\/wp-json\/wp\/v2\/product_tag?post=921"}],"curies":[{"name":"wp","href":"https:\/\/api.w.org\/{rel}","templated":true}]}}