{"id":925,"date":"2024-02-02T18:34:47","date_gmt":"2024-02-02T17:34:47","guid":{"rendered":"https:\/\/fundarquesam.org\/?post_type=product&#038;p=925"},"modified":"2024-02-02T18:34:47","modified_gmt":"2024-02-02T17:34:47","slug":"paquete-primera-infancia-escolarizado","status":"publish","type":"product","link":"https:\/\/fundarquesam.org\/index.php\/producto\/paquete-primera-infancia-escolarizado\/","title":{"rendered":"Paquete primera infancia escolarizado"},"content":{"rendered":"<p>Suministro de Alimentos servidos o kits alimentarios para preparar en los Programa de Alimentaci\u00f3n Escolar PAE, dirigido a Instituciones Educativas, colegios, Centros de Formaci\u00f3n, programas de Externados e Internados que atiendan educaci\u00f3n para ni\u00f1os, ni\u00f1as, adolescentes y j\u00f3venes.<\/p>\n","protected":false},"excerpt":{"rendered":"<p>Paquete primera infancia escolarizado<\/p>\n","protected":false},"featured_media":922,"comment_status":"open","ping_status":"closed","template":"","meta":{"give_campaign_id":0,"_joinchat":[]},"product_brand":[],"product_cat":[21],"product_tag":[24],"class_list":{"0":"post-925","1":"product","2":"type-product","3":"status-publish","4":"has-post-thumbnail","6":"product_cat-sin-categorizar","7":"product_tag-paquete-escolar","9":"first","10":"instock","11":"shipping-taxable","12":"purchasable","13":"product-type-simple"},"_links":{"self":[{"href":"https:\/\/fundarquesam.org\/index.php\/wp-json\/wp\/v2\/product\/925","targetHints":{"allow":["GET"]}}],"collection":[{"href":"https:\/\/fundarquesam.org\/index.php\/wp-json\/wp\/v2\/product"}],"about":[{"href":"https:\/\/fundarquesam.org\/index.php\/wp-json\/wp\/v2\/types\/product"}],"replies":[{"embeddable":true,"href":"https:\/\/fundarquesam.org\/index.php\/wp-json\/wp\/v2\/comments?post=925"}],"wp:featuredmedia":[{"embeddable":true,"href":"https:\/\/fundarquesam.org\/index.php\/wp-json\/wp\/v2\/media\/922"}],"wp:attachment":[{"href":"https:\/\/fundarquesam.org\/index.php\/wp-json\/wp\/v2\/media?parent=925"}],"wp:term":[{"taxonomy":"product_brand","embeddable":true,"href":"https:\/\/fundarquesam.org\/index.php\/wp-json\/wp\/v2\/product_brand?post=925"},{"taxonomy":"product_cat","embeddable":true,"href":"https:\/\/fundarquesam.org\/index.php\/wp-json\/wp\/v2\/product_cat?post=925"},{"taxonomy":"product_tag","embeddable":true,"href":"https:\/\/fundarquesam.org\/index.php\/wp-json\/wp\/v2\/product_tag?post=925"}],"curies":[{"name":"wp","href":"https:\/\/api.w.org\/{rel}","templated":true}]}}